{"id":1915,"date":"2026-04-22T13:46:11","date_gmt":"2026-04-22T13:46:11","guid":{"rendered":"https:\/\/abtbiogas.de\/?page_id=1915"},"modified":"2026-04-28T13:12:46","modified_gmt":"2026-04-28T13:12:46","slug":"landfills","status":"publish","type":"page","link":"https:\/\/abtbiogas.de\/en\/landfills\/","title":{"rendered":"Biogas solutions in landfills"},"content":{"rendered":"<p>[et_pb_section fb_built=&#8221;1&#8243; _builder_version=&#8221;4.8.2&#8243; _module_preset=&#8221;default&#8221; background_image=&#8221;https:\/\/abtbiogas.de\/wp-content\/uploads\/2021\/03\/Img_Service3.jpg&#8221; background_enable_video_mp4=&#8221;off&#8221; custom_padding=&#8221;||187px|||&#8221;][et_pb_row column_structure=&#8221;1_2,1_2&#8243; _builder_version=&#8221;4.8.2&#8243; _module_preset=&#8221;default&#8221;][et_pb_column type=&#8221;1_2&#8243; _builder_version=&#8221;4.8.2&#8243; _module_preset=&#8221;default&#8221;][et_pb_text _builder_version=&#8221;4.8.2&#8243; _module_preset=&#8221;default&#8221; text_text_color=&#8221;#FFFFFF&#8221; custom_margin=&#8221;176px||||false|false&#8221; custom_margin_tablet=&#8221;&#8221; custom_margin_phone=&#8221;56px||||false|false&#8221; custom_margin_last_edited=&#8221;on|phone&#8221;]Specialized services[\/et_pb_text][et_pb_text _builder_version=&#8221;4.8.2&#8243; _module_preset=&#8221;default&#8221; text_font=&#8221;Merriweather|700|||||||&#8221; text_text_color=&#8221;#FFFFFF&#8221; text_font_size=&#8221;40px&#8221; text_line_height=&#8221;50px&#8221; custom_margin=&#8221;-16px||||false|false&#8221; text_font_size_tablet=&#8221;&#8221; text_font_size_phone=&#8221;24px&#8221; text_font_size_last_edited=&#8221;on|phone&#8221; text_line_height_tablet=&#8221;&#8221; text_line_height_phone=&#8221;34px&#8221; text_line_height_last_edited=&#8221;on|phone&#8221;]<\/p>\n<p>Sanitary Landfills and Energy Use of Biogas<\/p>\n<p>[\/et_pb_text][et_pb_code _builder_version=&#8221;4.8.2&#8243; _module_preset=&#8221;default&#8221;]<script type=\"text\/javascript\"><!-- [et_pb_line_break_holder] -->\t(function($){<!-- [et_pb_line_break_holder] -->\t$(document).ready(function() {<!-- [et_pb_line_break_holder] -->\t  $( '#video-popup a' ).addClass('popup-video');<!-- [et_pb_line_break_holder] -->\t    $('.popup-video').magnificPopup({<!-- [et_pb_line_break_holder] -->\t        disableOn: 100,<!-- [et_pb_line_break_holder] -->\t        type: 'iframe',<!-- [et_pb_line_break_holder] -->\t        mainClass: 'mfp-fade',<!-- [et_pb_line_break_holder] -->\t        removalDelay: 160,<!-- [et_pb_line_break_holder] -->\t        preloader: false,<!-- [et_pb_line_break_holder] -->\t        fixedContentPos: false<!-- [et_pb_line_break_holder] -->\t    });<!-- [et_pb_line_break_holder] -->\t});<!-- [et_pb_line_break_holder] -->\t})(jQuery)<!-- [et_pb_line_break_holder] --><\/script>[\/et_pb_code][\/et_pb_column][et_pb_column type=&#8221;1_2&#8243; _builder_version=&#8221;4.8.2&#8243; _module_preset=&#8221;default&#8221; custom_padding=&#8221;160px||||false|false&#8221; custom_padding_tablet=&#8221;&#8221; custom_padding_phone=&#8221;0px||||false|false&#8221; custom_padding_last_edited=&#8221;on|desktop&#8221;][\/et_pb_column][\/et_pb_row][\/et_pb_section][et_pb_section fb_built=&#8221;1&#8243; custom_padding_last_edited=&#8221;on|desktop&#8221; disabled_on=&#8221;on|off|off&#8221; _builder_version=&#8221;4.8.2&#8243; _module_preset=&#8221;default&#8221; min_height=&#8221;1111.9px&#8221; custom_padding=&#8221;33px||33px||true|false&#8221; custom_padding_tablet=&#8221;&#8221; custom_padding_phone=&#8221;64px||64px||true|false&#8221; locked=&#8221;off&#8221;][et_pb_row column_structure=&#8221;1_2,1_2&#8243; _builder_version=&#8221;4.8.2&#8243; _module_preset=&#8221;default&#8221;][et_pb_column type=&#8221;1_2&#8243; _builder_version=&#8221;4.8.2&#8243; _module_preset=&#8221;default&#8221;][et_pb_text _builder_version=&#8221;4.8.2&#8243; _module_preset=&#8221;default&#8221; text_font=&#8221;Merriweather|700|||||||&#8221; text_text_color=&#8221;#000000&#8243; text_font_size=&#8221;32px&#8221; text_line_height=&#8221;42px&#8221; custom_margin=&#8221;-16px||||false|false&#8221; locked=&#8221;off&#8221;]<\/p>\n<p>\u00a0<span style=\"font-size: 32px;\">\u00a0<\/span><\/p>\n<p>Advice for Preliminary Analysis of Biogas Projects in Sanitary Landfills<\/p>\n<p>[\/et_pb_text][et_pb_text _builder_version=&#8221;4.8.2&#8243; _module_preset=&#8221;default&#8221; locked=&#8221;off&#8221; custom_padding=&#8221;||0px|||&#8221;]<\/p>\n<p style=\"text-align: justify;\">At ABT we offer specialized advice to evaluate the energy potential of landfills and convert them into sustainable sources of biogas.<\/p>\n<p style=\"text-align: justify;\">\n<p style=\"text-align: justify;\">Our approach combines technical, economic and environmental analysis to define the real viability of the project and its exploitation opportunities.<\/p>\n<p>[\/et_pb_text][\/et_pb_column][et_pb_column type=&#8221;1_2&#8243; _builder_version=&#8221;4.8.2&#8243; _module_preset=&#8221;default&#8221;][et_pb_image src=&#8221;https:\/\/abtbiogas.de\/wp-content\/uploads\/2026\/04\/Designer.png&#8221; title_text=&#8221;Designer&#8221; align=&#8221;center&#8221; _builder_version=&#8221;4.8.2&#8243; _module_preset=&#8221;default&#8221; min_height=&#8221;387.2px&#8221;][\/et_pb_image][\/et_pb_column][\/et_pb_row][et_pb_row column_structure=&#8221;1_2,1_2&#8243; _builder_version=&#8221;4.8.2&#8243; _module_preset=&#8221;default&#8221; custom_margin=&#8221;|auto|-16px|auto||&#8221;][et_pb_column type=&#8221;1_2&#8243; _builder_version=&#8221;4.8.2&#8243; _module_preset=&#8221;default&#8221;][et_pb_text _builder_version=&#8221;4.8.2&#8243; _module_preset=&#8221;default&#8221; text_font_size=&#8221;41px&#8221; min_height=&#8221;51.8px&#8221; custom_margin=&#8221;48px||48px||true|false&#8221; custom_padding=&#8221;8px||0px|||&#8221;]<\/p>\n<p>Services<\/p>\n<p>[\/et_pb_text][et_pb_text _builder_version=&#8221;4.8.2&#8243; _module_preset=&#8221;default&#8221; text_font=&#8221;Merriweather|700|||||||&#8221; text_text_color=&#8221;#000000&#8243; text_font_size=&#8221;32px&#8221; text_line_height=&#8221;42px&#8221; custom_margin=&#8221;-16px||||false|false&#8221; locked=&#8221;off&#8221;]<\/p>\n<p><span style=\"color: #000000;\">1. Project situation study<\/span><\/p>\n<p>[\/et_pb_text][et_pb_text _builder_version=&#8221;4.8.2&#8243; _module_preset=&#8221;default&#8221; custom_padding=&#8221;||6px|||&#8221; hover_enabled=&#8221;0&#8243; locked=&#8221;off&#8221; sticky_enabled=&#8221;0&#8243;]<\/p>\n<p style=\"text-align: justify;\">We analyze the <strong>history and current conditions of the landfill<\/strong>, including the state of the site and the characteristics of the existing gas. This initial diagnosis allows us to identify the starting point and opportunities for improvement.<\/p>\n<p>[\/et_pb_text][et_pb_text _builder_version=&#8221;4.8.2&#8243; _module_preset=&#8221;default&#8221; text_font=&#8221;Merriweather|700|||||||&#8221; text_text_color=&#8221;#000000&#8243; text_font_size=&#8221;32px&#8221; text_line_height=&#8221;42px&#8221; custom_margin=&#8221;-16px||||false|false&#8221; locked=&#8221;off&#8221; custom_padding=&#8221;||7px|||&#8221;]<\/p>\n<p><span style=\"color: #000000;\">2. Project context<\/span><\/p>\n<p>[\/et_pb_text][et_pb_text _builder_version=&#8221;4.8.2&#8243; _module_preset=&#8221;default&#8221; locked=&#8221;off&#8221; custom_padding=&#8221;||0px|||&#8221;]<\/p>\n<p style=\"text-align: justify;\">We evaluate the operational and contractual management of the landfill, as well as the technical and administrative conditions that influence the development of the project.<\/p>\n<p>[\/et_pb_text][et_pb_text _builder_version=&#8221;4.8.2&#8243; _module_preset=&#8221;default&#8221; text_font=&#8221;Merriweather|700|||||||&#8221; text_text_color=&#8221;#000000&#8243; text_font_size=&#8221;32px&#8221; text_line_height=&#8221;42px&#8221; custom_margin=&#8221;-16px||||false|false&#8221; locked=&#8221;off&#8221;]<\/p>\n<p>3. Technical analysis<\/p>\n<p>[\/et_pb_text][et_pb_text _builder_version=&#8221;4.8.2&#8243; _module_preset=&#8221;default&#8221; locked=&#8221;off&#8221;]<\/p>\n<p>We <strong>estimate the generation and use of gas<\/strong>, review the extraction system and propose the appropriate treatment for its energy use. Includes:<\/p>\n<p>&nbsp;<\/p>\n<ul>\n<li>Calculation of electrical generation potential.<\/li>\n<li>Review of the gas collection and conduction system.<\/li>\n<\/ul>\n<p>[\/et_pb_text][\/et_pb_column][et_pb_column type=&#8221;1_2&#8243; _builder_version=&#8221;4.8.2&#8243; _module_preset=&#8221;default&#8221;][et_pb_image src=&#8221;https:\/\/abtbiogas.de\/wp-content\/uploads\/2026\/04\/Copilot_20260422_173109.png&#8221; title_text=&#8221;Copilot_20260422_173109&#8243; align=&#8221;center&#8221; _builder_version=&#8221;4.8.2&#8243; _module_preset=&#8221;default&#8221; custom_margin=&#8221;||-7px|||&#8221;][\/et_pb_image][\/et_pb_column][\/et_pb_row][et_pb_row column_structure=&#8221;1_2,1_2&#8243; _builder_version=&#8221;4.8.2&#8243; _module_preset=&#8221;default&#8221; min_height=&#8221;505.9px&#8221; custom_margin=&#8221;|auto|-29px|auto||&#8221;][et_pb_column type=&#8221;1_2&#8243; _builder_version=&#8221;4.8.2&#8243; _module_preset=&#8221;default&#8221;][et_pb_text _builder_version=&#8221;4.8.2&#8243; _module_preset=&#8221;default&#8221; text_font=&#8221;Merriweather|700|||||||&#8221; text_text_color=&#8221;#000000&#8243; text_font_size=&#8221;32px&#8221; text_line_height=&#8221;42px&#8221; custom_margin=&#8221;-16px||||false|false&#8221; locked=&#8221;off&#8221;]<\/p>\n<p>4. Economic analysis<\/p>\n<p>[\/et_pb_text][et_pb_text _builder_version=&#8221;4.8.2&#8243; _module_preset=&#8221;default&#8221; custom_padding=&#8221;||23px|||&#8221; locked=&#8221;off&#8221;]<\/p>\n<p style=\"text-align: justify;\">We develop a financial model with <strong>CAPEX and OPEX adjusted to different scenarios<\/strong>, to determine the profitability and expected return of the project.<\/p>\n<p>[\/et_pb_text][et_pb_text _builder_version=&#8221;4.8.2&#8243; _module_preset=&#8221;default&#8221; text_font=&#8221;Merriweather|700|||||||&#8221; text_text_color=&#8221;#000000&#8243; text_font_size=&#8221;32px&#8221; text_line_height=&#8221;42px&#8221; custom_margin=&#8221;-16px||||false|false&#8221; locked=&#8221;off&#8221;]<\/p>\n<p>5. Analysis of the client&#8217;s project concept<\/p>\n<p>[\/et_pb_text][et_pb_text _builder_version=&#8221;4.8.2&#8243; _module_preset=&#8221;default&#8221; custom_padding=&#8221;||0px|||&#8221; locked=&#8221;off&#8221; custom_margin=&#8221;||5px|||&#8221;]<\/p>\n<p>Once the technical and economic conditions of the landfill have been evaluated, we analyze the current project concept and prepare:<\/p>\n<p>&nbsp;<\/p>\n<ul>\n<li>A comparative technical and financial analysis.<\/li>\n<li>A risk matrix that identifies critical factors and optimization opportunities.<\/li>\n<\/ul>\n<p>[\/et_pb_text][\/et_pb_column][et_pb_column type=&#8221;1_2&#8243; _builder_version=&#8221;4.8.2&#8243; _module_preset=&#8221;default&#8221;][et_pb_image src=&#8221;https:\/\/abtbiogas.de\/wp-content\/uploads\/2026\/04\/Copilot_20260422_173659.png&#8221; title_text=&#8221;Copilot_20260422_173659&#8243; align=&#8221;center&#8221; _builder_version=&#8221;4.8.2&#8243; _module_preset=&#8221;default&#8221; min_height=&#8221;410.2px&#8221; custom_padding=&#8221;||0px|||&#8221;][\/et_pb_image][\/et_pb_column][\/et_pb_row][et_pb_row _builder_version=&#8221;4.8.2&#8243; _module_preset=&#8221;default&#8221;][et_pb_column type=&#8221;4_4&#8243; _builder_version=&#8221;4.8.2&#8243; _module_preset=&#8221;default&#8221;][et_pb_text _builder_version=&#8221;4.8.2&#8243; _module_preset=&#8221;default&#8221; text_font_size=&#8221;23px&#8221; text_orientation=&#8221;justified&#8221;]<strong>Con nuestra experiencia en dise\u00f1o y ejecuci\u00f3n de plantas de biog\u00e1s, ABT acompa\u00f1a a sus clientes desde la fase de an\u00e1lisis preliminar hasta la puesta en marcha, garantizando soluciones adaptadas a las condiciones locales y a los objetivos energ\u00e9ticos de cada proyecto.<\/strong>[\/et_pb_text][\/et_pb_column][\/et_pb_row][\/et_pb_section]<\/p>\n","protected":false},"excerpt":{"rendered":"<p>[et_pb_section fb_built=&#8221;1&#8243; _builder_version=&#8221;4.8.2&#8243; _module_preset=&#8221;default&#8221; background_image=&#8221;https:\/\/abtbiogas.de\/wp-content\/uploads\/2021\/03\/Img_Service3.jpg&#8221; background_enable_video_mp4=&#8221;off&#8221; custom_padding=&#8221;||187px|||&#8221;][et_pb_row column_structure=&#8221;1_2,1_2&#8243; _builder_version=&#8221;4.8.2&#8243; _module_preset=&#8221;default&#8221;][et_pb_column type=&#8221;1_2&#8243; _builder_version=&#8221;4.8.2&#8243; _module_preset=&#8221;default&#8221;][et_pb_text _builder_version=&#8221;4.8.2&#8243; _module_preset=&#8221;default&#8221; text_text_color=&#8221;#FFFFFF&#8221; custom_margin=&#8221;176px||||false|false&#8221; custom_margin_tablet=&#8221;&#8221; custom_margin_phone=&#8221;56px||||false|false&#8221; custom_margin_last_edited=&#8221;on|phone&#8221;]Specialized services[\/et_pb_text][et_pb_text _builder_version=&#8221;4.8.2&#8243; _module_preset=&#8221;default&#8221; text_font=&#8221;Merriweather|700|||||||&#8221; text_text_color=&#8221;#FFFFFF&#8221; text_font_size=&#8221;40px&#8221; text_line_height=&#8221;50px&#8221; custom_margin=&#8221;-16px||||false|false&#8221; text_font_size_tablet=&#8221;&#8221; text_font_size_phone=&#8221;24px&#8221; text_font_size_last_edited=&#8221;on|phone&#8221; text_line_height_tablet=&#8221;&#8221; text_line_height_phone=&#8221;34px&#8221; text_line_height_last_edited=&#8221;on|phone&#8221;] Sanitary Landfills and Energy Use of Biogas [\/et_pb_text][et_pb_code _builder_version=&#8221;4.8.2&#8243; _module_preset=&#8221;default&#8221;][\/et_pb_code][\/et_pb_column][et_pb_column type=&#8221;1_2&#8243; _builder_version=&#8221;4.8.2&#8243; _module_preset=&#8221;default&#8221; custom_padding=&#8221;160px||||false|false&#8221; custom_padding_tablet=&#8221;&#8221; custom_padding_phone=&#8221;0px||||false|false&#8221; custom_padding_last_edited=&#8221;on|desktop&#8221;][\/et_pb_column][\/et_pb_row][\/et_pb_section][et_pb_section fb_built=&#8221;1&#8243; custom_padding_last_edited=&#8221;on|desktop&#8221; disabled_on=&#8221;on|off|off&#8221; _builder_version=&#8221;4.8.2&#8243; [&hellip;]<\/p>\n","protected":false},"author":4,"featured_media":0,"parent":0,"menu_order":0,"comment_status":"closed","ping_status":"closed","template":"","meta":{"_et_pb_use_builder":"on","_et_pb_old_content":"","_et_gb_content_width":"","footnotes":""},"class_list":["post-1915","page","type-page","status-publish","hentry"],"jetpack_sharing_enabled":true,"_links":{"self":[{"href":"https:\/\/abtbiogas.de\/en\/wp-json\/wp\/v2\/pages\/1915","targetHints":{"allow":["GET"]}}],"collection":[{"href":"https:\/\/abtbiogas.de\/en\/wp-json\/wp\/v2\/pages"}],"about":[{"href":"https:\/\/abtbiogas.de\/en\/wp-json\/wp\/v2\/types\/page"}],"author":[{"embeddable":true,"href":"https:\/\/abtbiogas.de\/en\/wp-json\/wp\/v2\/users\/4"}],"replies":[{"embeddable":true,"href":"https:\/\/abtbiogas.de\/en\/wp-json\/wp\/v2\/comments?post=1915"}],"version-history":[{"count":9,"href":"https:\/\/abtbiogas.de\/en\/wp-json\/wp\/v2\/pages\/1915\/revisions"}],"predecessor-version":[{"id":2018,"href":"https:\/\/abtbiogas.de\/en\/wp-json\/wp\/v2\/pages\/1915\/revisions\/2018"}],"wp:attachment":[{"href":"https:\/\/abtbiogas.de\/en\/wp-json\/wp\/v2\/media?parent=1915"}],"curies":[{"name":"wp","href":"https:\/\/api.w.org\/{rel}","templated":true}]}}